{"id":440,"date":"2019-01-22T11:04:30","date_gmt":"2019-01-22T11:04:30","guid":{"rendered":"http:\/\/naturalezaiberica.es\/?page_id=440"},"modified":"2019-03-29T14:12:49","modified_gmt":"2019-03-29T14:12:49","slug":"ninos-cantabria","status":"publish","type":"page","link":"https:\/\/naturalezaiberica.com\/en\/ccaa\/cantabria\/ninos-cantabria\/","title":{"rendered":"Children"},"content":{"rendered":"<p><\/p>\n<div class=\"distancia\"><\/div>\n<p> <span style=\"color: #ffffff;\"><a href=\"http:\/\/naturalezaiberica.com\/en\/ccaa\/cantabria\/que-hacer-cantabria\/\">ACTIVITIES<\/a> | <a href=\"http:\/\/naturalezaiberica.com\/en\/ccaa\/cantabria\/cursos-cantabria\/\">COURSES<\/a> | <a href=\"http:\/\/naturalezaiberica.com\/en\/ccaa\/cantabria\/eventos-cantabria\/\">EVENTS<\/a> | <a href=\"http:\/\/naturalezaiberica.com\/en\/ccaa\/cantabria\/voluntariado-cantabria\/\">VOLUNTEERISM<\/a> | <a href=\"http:\/\/naturalezaiberica.com\/en\/ccaa\/cantabria\/ninos-cantabria\/\">CHILDREN<\/a> <\/span> <script language=\"javascript\">jQuery(window).load(function() { equalheight('.grid_style .itemdata .thumbnail');});<\/script><div class=\"_searchresultsdata\"><div class=\"wlt_search_results grid_style\">\r\n<div class=\"itemdata col-md-3  col-sm-3  item-3784 col-xs-12\" >\r\n \r\n\t<div class=\"thumbnail clearfix\">\r\n\r\n        <div class=\"itemdata icons itemid \" >\r\n\r\n<div class=\"thumbnail clearfix\"> \r\n  \r\n<div class='galleryframe frame'>\r\n\t\t\t\r\n\t\t\t<div class='overlay-gallery'>\r\n\t\t\t\r\n\t\t\t\t<div class='lbox'>\r\n\t\t\t\t<!--estelcantabra-->\r\n\t\t\t\t\t<!--<a href='https:\/\/naturalezaiberica.com\/wp-content\/uploads\/2019\/09\/Encuentros-en-el-bosque-comestible_Naturaleza-ib\u00e9rica.png' data-gal='prettyPhoto[ppt_gal_3784]'><span class='fa fa-camera'><\/span><\/a>--><a href='https:\/\/naturalezaiberica.com\/en\/listing\/bosque-comestible-en-cantabria\/'><span class='fa fa-search'><\/span><\/a>\r\n\t\t\t\t\r\n\t\t\t\t<\/div>\r\n\t\t\t\r\n\t\t\t<\/div> \r\n\t\t\t\r\n\t\t\t<img decoding=\"async\"  src=\"https:\/\/naturalezaiberica.com\/wp-content\/uploads\/2019\/09\/Encuentros-en-el-bosque-comestible_Naturaleza-ib\u00e9rica.png\" class=\"wlt_thumbnail img-responsive featuredset wp-post-image\" alt=\"\" \/><\/div><a href='https:\/\/naturalezaiberica.com\/wp-content\/uploads\/2019\/09\/Encuentros-en-el-bosque-comestible_Naturaleza-ib\u00e9rica.png123' data-gal='prettyPhoto[ppt_gal_3784]'><\/a>    \r\n    \r\n    <div class=\"content\">\r\n    \r\n        <h5><a href=\"https:\/\/naturalezaiberica.com\/en\/listing\/bosque-comestible-en-cantabria\/\" ><span >(Espa\u00f1ol) BOSQUE COMESTIBLE EN CANTABRIA<\/span><\/a><\/h5>\r\n\r\n            \r\n        <div class=\"line1\"><\/div>\r\n         \r\n        <div class=\"row\">\r\n        \r\n            <div class=\"col-md-9\">\r\n            \r\n            <span class='wlt_shortcode_excerpt' >Sorry, this entry is only avai<\/span> <font color=\"#fff\"> ...<\/font>           \r\n            \r\n            <\/div>\r\n            \r\n            <div class=\"col-md-3\">\r\n            \r\n              \r\n            \r\n     \t<\/div>\r\n        \r\n        <\/div>  \r\n     \r\n    <\/div>\r\n\r\n<\/div>\r\n\r\n<\/div> \r\n         \r\n\t<\/div>\r\n                 \r\n<\/div>\r\n<div class=\"itemdata col-md-3  col-sm-3  item-3781 col-xs-12\" >\r\n \r\n\t<div class=\"thumbnail clearfix\">\r\n\r\n        <div class=\"itemdata icons itemid \" >\r\n\r\n<div class=\"thumbnail clearfix\"> \r\n  \r\n<div class='galleryframe frame'>\r\n\t\t\t\r\n\t\t\t<div class='overlay-gallery'>\r\n\t\t\t\r\n\t\t\t\t<div class='lbox'>\r\n\t\t\t\t<!--estelcantabra-->\r\n\t\t\t\t\t<!--<a href='https:\/\/naturalezaiberica.com\/wp-content\/uploads\/2019\/09\/Rastros_Naturaleza-Ib\u00e9rica-C.png' data-gal='prettyPhoto[ppt_gal_3781]'><span class='fa fa-camera'><\/span><\/a>--><a href='https:\/\/naturalezaiberica.com\/en\/listing\/taller-de-rastros\/'><span class='fa fa-search'><\/span><\/a>\r\n\t\t\t\t\r\n\t\t\t\t<\/div>\r\n\t\t\t\r\n\t\t\t<\/div> \r\n\t\t\t\r\n\t\t\t<img decoding=\"async\"  src=\"https:\/\/naturalezaiberica.com\/wp-content\/uploads\/2019\/09\/Rastros_Naturaleza-Ib\u00e9rica-C.png\" class=\"wlt_thumbnail img-responsive featuredset wp-post-image\" alt=\"\" \/><\/div><a href='https:\/\/naturalezaiberica.com\/wp-content\/uploads\/2019\/09\/Rastros_Naturaleza-Ib\u00e9rica-C.png123' data-gal='prettyPhoto[ppt_gal_3781]'><\/a>    \r\n    \r\n    <div class=\"content\">\r\n    \r\n        <h5><a href=\"https:\/\/naturalezaiberica.com\/en\/listing\/taller-de-rastros\/\" ><span >(Espa\u00f1ol) TALLER DE RASTROS  EN CANTABRIA<\/span><\/a><\/h5>\r\n\r\n            \r\n        <div class=\"line1\"><\/div>\r\n         \r\n        <div class=\"row\">\r\n        \r\n            <div class=\"col-md-9\">\r\n            \r\n            <span class='wlt_shortcode_excerpt' >Sorry, this entry is only avai<\/span> <font color=\"#fff\"> ...<\/font>           \r\n            \r\n            <\/div>\r\n            \r\n            <div class=\"col-md-3\">\r\n            \r\n              \r\n            \r\n     \t<\/div>\r\n        \r\n        <\/div>  \r\n     \r\n    <\/div>\r\n\r\n<\/div>\r\n\r\n<\/div> \r\n         \r\n\t<\/div>\r\n                 \r\n<\/div>\r\n<div class=\"itemdata col-md-3  col-sm-3  item-3746 col-xs-12\" >\r\n \r\n\t<div class=\"thumbnail clearfix\">\r\n\r\n        <div class=\"itemdata icons itemid \" >\r\n\r\n<div class=\"thumbnail clearfix\"> \r\n  \r\n<div class='galleryframe frame'>\r\n\t\t\t\r\n\t\t\t<div class='overlay-gallery'>\r\n\t\t\t\r\n\t\t\t\t<div class='lbox'>\r\n\t\t\t\t<!--estelcantabra-->\r\n\t\t\t\t\t<!--<a href='https:\/\/naturalezaiberica.com\/wp-content\/uploads\/2019\/09\/Eliminaci\u00f3n-Plantas-invasoras_Naturaleza-ib\u00e9rica.jpg' data-gal='prettyPhoto[ppt_gal_3746]'><span class='fa fa-camera'><\/span><\/a>--><a href='https:\/\/naturalezaiberica.com\/en\/listing\/eliminacion-de-plantas-invasoras-en-orinon-cantabria\/'><span class='fa fa-search'><\/span><\/a>\r\n\t\t\t\t\r\n\t\t\t\t<\/div>\r\n\t\t\t\r\n\t\t\t<\/div> \r\n\t\t\t\r\n\t\t\t<img decoding=\"async\"  src=\"https:\/\/naturalezaiberica.com\/wp-content\/uploads\/2019\/09\/Eliminaci\u00f3n-Plantas-invasoras_Naturaleza-ib\u00e9rica.jpg\" class=\"wlt_thumbnail img-responsive featuredset wp-post-image\" alt=\"\" \/><\/div><a href='https:\/\/naturalezaiberica.com\/wp-content\/uploads\/2019\/09\/Eliminaci\u00f3n-Plantas-invasoras_Naturaleza-ib\u00e9rica.jpg123' data-gal='prettyPhoto[ppt_gal_3746]'><\/a>    \r\n    \r\n    <div class=\"content\">\r\n    \r\n        <h5><a href=\"https:\/\/naturalezaiberica.com\/en\/listing\/eliminacion-de-plantas-invasoras-en-orinon-cantabria\/\" ><span >(Espa\u00f1ol) ELIMINACI\u00d3N DE PLANTAS INVASORAS EN ORI\u00d1\u00d3N, CANTABRIA<\/span><\/a><\/h5>\r\n\r\n            \r\n        <div class=\"line1\"><\/div>\r\n         \r\n        <div class=\"row\">\r\n        \r\n            <div class=\"col-md-9\">\r\n            \r\n            <span class='wlt_shortcode_excerpt' >Sorry, this entry is only avai<\/span> <font color=\"#fff\"> ...<\/font>           \r\n            \r\n            <\/div>\r\n            \r\n            <div class=\"col-md-3\">\r\n            \r\n              \r\n            \r\n     \t<\/div>\r\n        \r\n        <\/div>  \r\n     \r\n    <\/div>\r\n\r\n<\/div>\r\n\r\n<\/div> \r\n         \r\n\t<\/div>\r\n                 \r\n<\/div>\r\n<div class=\"itemdata col-md-3  col-sm-3  item-2667 col-xs-12\" >\r\n \r\n\t<div class=\"thumbnail clearfix\">\r\n\r\n        <div class=\"itemdata icons itemid \" >\r\n\r\n<div class=\"thumbnail clearfix\"> \r\n  \r\n<div class='galleryframe frame'>\r\n\t\t\t\r\n\t\t\t<div class='overlay-gallery'>\r\n\t\t\t\r\n\t\t\t\t<div class='lbox'>\r\n\t\t\t\t<!--estelcantabra-->\r\n\t\t\t\t\t<!--<a href='https:\/\/naturalezaiberica.com\/wp-content\/uploads\/2019\/03\/ORQUIDEA_Naturaleza-Ib\u00e9rica-c-1.jpg' data-gal='prettyPhoto[ppt_gal_2667]'><span class='fa fa-camera'><\/span><\/a>--><a href='https:\/\/naturalezaiberica.com\/en\/listing\/las-orquideas-de-liencres\/'><span class='fa fa-search'><\/span><\/a>\r\n\t\t\t\t\r\n\t\t\t\t<\/div>\r\n\t\t\t\r\n\t\t\t<\/div> \r\n\t\t\t\r\n\t\t\t<img decoding=\"async\"  src=\"https:\/\/naturalezaiberica.com\/wp-content\/uploads\/2019\/03\/ORQUIDEA_Naturaleza-Ib\u00e9rica-c-1.jpg\" class=\"wlt_thumbnail img-responsive featuredset wp-post-image\" alt=\"\" \/><\/div><a href='http:\/\/naturalezaiberica.com\/wp-content\/uploads\/2019\/03\/Orquideas_Naturaleza-Ib\u00e9rica-1.jpg' data-gal='prettyPhoto[ppt_gal_2667]'><\/a><a href='http:\/\/naturalezaiberica.com\/wp-content\/uploads\/2019\/03\/Orquideas_Naturaleza-Ib\u00e9rica-4.jpg' data-gal='prettyPhoto[ppt_gal_2667]'><\/a><a href='http:\/\/naturalezaiberica.com\/wp-content\/uploads\/2019\/03\/Orquideas_Naturaleza-Ib\u00e9rica-3.jpg' data-gal='prettyPhoto[ppt_gal_2667]'><\/a><a href='http:\/\/naturalezaiberica.com\/wp-content\/uploads\/2019\/03\/Orquideas_Naturaleza-Ib\u00e9rica-5.jpg' data-gal='prettyPhoto[ppt_gal_2667]'><\/a>    \r\n    \r\n    <div class=\"content\">\r\n    \r\n        <h5><a href=\"https:\/\/naturalezaiberica.com\/en\/listing\/las-orquideas-de-liencres\/\" ><span >ORQU\u00cdDEAS NATURAL PARK DUNAS DE LIENCRES<\/span><\/a><\/h5>\r\n\r\n            \r\n        <div class=\"line1\"><\/div>\r\n         \r\n        <div class=\"row\">\r\n        \r\n            <div class=\"col-md-9\">\r\n            \r\n            <span class='wlt_shortcode_excerpt' >&nbsp;\n\nORQU\u00cdDEAS NATURAL PAR<\/span> <font color=\"#fff\"> ...<\/font>           \r\n            \r\n            <\/div>\r\n            \r\n            <div class=\"col-md-3\">\r\n            \r\n              \r\n            \r\n     \t<\/div>\r\n        \r\n        <\/div>  \r\n     \r\n    <\/div>\r\n\r\n<\/div>\r\n\r\n<\/div> \r\n         \r\n\t<\/div>\r\n                 \r\n<\/div><\/div><\/div><div class=\"clearfix\"><\/div><div class=\"clearfix\"><\/div><ul class=\"pagination wlt_shortcode_listings_pagenav\"><li><span aria-current=\"page\" class=\"page-numbers current\">1<\/span>\n<li><a rel='nofollow' class=\"page-numbers\" href=\"https:\/\/naturalezaiberica.com\/en\/wp-json\/wp\/v2\/pages\/440\/page\/2\/\">2<\/a>\n<li><a rel='nofollow' class=\"next page-numbers\" href=\"https:\/\/naturalezaiberica.com\/en\/wp-json\/wp\/v2\/pages\/440\/page\/2\/\">Next &raquo;<\/a><\/ul><\/p>","protected":false},"excerpt":{"rendered":"<p>ACTIVITIES | COURSES | EVENTS | VOLUNTEERISM | CHILDREN<\/p>\n","protected":false},"author":1,"featured_media":0,"parent":95,"menu_order":0,"comment_status":"closed","ping_status":"closed","template":"","meta":{"_exactmetrics_skip_tracking":false,"_exactmetrics_sitenote_active":false,"_exactmetrics_sitenote_note":"","_exactmetrics_sitenote_category":0,"footnotes":""},"class_list":["post-440","page","type-page","status-publish","hentry"],"_links":{"self":[{"href":"https:\/\/naturalezaiberica.com\/en\/wp-json\/wp\/v2\/pages\/440","targetHints":{"allow":["GET"]}}],"collection":[{"href":"https:\/\/naturalezaiberica.com\/en\/wp-json\/wp\/v2\/pages"}],"about":[{"href":"https:\/\/naturalezaiberica.com\/en\/wp-json\/wp\/v2\/types\/page"}],"author":[{"embeddable":true,"href":"https:\/\/naturalezaiberica.com\/en\/wp-json\/wp\/v2\/users\/1"}],"replies":[{"embeddable":true,"href":"https:\/\/naturalezaiberica.com\/en\/wp-json\/wp\/v2\/comments?post=440"}],"version-history":[{"count":3,"href":"https:\/\/naturalezaiberica.com\/en\/wp-json\/wp\/v2\/pages\/440\/revisions"}],"predecessor-version":[{"id":2720,"href":"https:\/\/naturalezaiberica.com\/en\/wp-json\/wp\/v2\/pages\/440\/revisions\/2720"}],"up":[{"embeddable":true,"href":"https:\/\/naturalezaiberica.com\/en\/wp-json\/wp\/v2\/pages\/95"}],"wp:attachment":[{"href":"https:\/\/naturalezaiberica.com\/en\/wp-json\/wp\/v2\/media?parent=440"}],"curies":[{"name":"wp","href":"https:\/\/api.w.org\/{rel}","templated":true}]}}